{"id":11,"date":"2014-12-19T21:34:48","date_gmt":"2014-12-19T21:34:48","guid":{"rendered":"http:\/\/www.fusspflege-marchfeld.at\/index.php\/?page_id=11"},"modified":"2025-10-17T11:47:38","modified_gmt":"2025-10-17T11:47:38","slug":"preisliste","status":"publish","type":"page","link":"https:\/\/www.fusspflege-marchfeld.at\/index.php\/preisliste\/","title":{"rendered":"Preisliste"},"content":{"rendered":"<p>&nbsp;<\/p>\n<table>\n<tbody>\n<tr>\n<td><strong>Bitte nehmen Sie zu jeder Behandlung ein frisches Handtuch mit, andernfalls werden 3 Euro verrechnet und ein frisches Handtuch aus dem Studio f\u00fcr die Behandlung bereitgestellt.<\/strong><\/p>\n<p><strong>Fu\u00dfpflege (Pedik\u00fcre)<br \/>\n<\/strong>Fu\u00dfbad, abtragen der Hornhaut mittels Skalpell, N\u00e4gel k\u00fcrzen, feilen, \u00fcbersch\u00fcssige Nagelhaut entfernen<br \/>\nBehandlung von H\u00fchneraugen und eingewachsener N\u00e4gel &#8211; bei Bedarf fr\u00e4sen der N\u00e4gel<br \/>\ndesinfizieren und eincremen der F\u00fc\u00dfe &#8211; auch f\u00fcr Diabetiker!<\/td>\n<td style=\"text-align: left;\"><strong>Euro<\/strong><\/p>\n<p><strong>\u00a0 \u00a03.-<\/strong><\/p>\n<p>&nbsp;<\/p>\n<p>&nbsp;<\/p>\n<p><strong>\u00a0<\/strong><\/p>\n<p><strong>\u00a042.-<br \/>\n<\/strong><\/td>\n<\/tr>\n<tr>\n<td>&nbsp;<\/p>\n<p><strong>Zehenn\u00e4gel schneiden<\/strong><\/p>\n<p>Fu\u00dfbad, schneiden und feilen der N\u00e4gel, desinfizieren und eincremen der F\u00fc\u00dfe<\/p>\n<p><strong>ODER<br \/>\n<\/strong><\/p>\n<p><strong> nur Hornhaut entfernen<\/strong><br \/>\nFu\u00dfbad, abtragen der Hornhaut mittels Skalpell, desinfizieren und eincremen der F\u00fc\u00dfe<\/td>\n<td>&nbsp;<\/p>\n<p>&nbsp;<\/p>\n<p><strong>\u00a0 32.-<\/strong><\/td>\n<\/tr>\n<tr>\n<td>&nbsp;<\/p>\n<p><strong>Eingewachsener Nagel oder H\u00fchnerauge behandeln (Notfallbehandlung)<br \/>\n<\/strong>Fu\u00dfbad, Reinigung und Desinfektion, Behandlung des eingewachsenen Nagels oder des H\u00fchnerauges, gegebenenfalls Verbinden<\/p>\n<p>jede weitere Problemstelle<\/td>\n<td>&nbsp;<\/p>\n<p><strong>\u00a0 23.-<\/strong><\/p>\n<p>&nbsp;<\/p>\n<p><strong>\u00a0 \u00a05.-<\/strong><\/td>\n<\/tr>\n<tr>\n<td>&nbsp;<\/p>\n<p><strong>Handpflege (Manik\u00fcre)<\/strong><br \/>\nschneiden und feilen der N\u00e4gel, Nagel Bad, Nagelhaut zur\u00fcckschieben, \u00fcbersch\u00fcssige Nagelhaut entfernen, desinfizieren und eincremen der H\u00e4nde<\/td>\n<td>&nbsp;<\/p>\n<p><strong>\u00a029.-<\/strong><\/td>\n<\/tr>\n<tr>\n<td>&nbsp;<\/p>\n<p><strong>Fingern\u00e4gel schneiden<br \/>\n<\/strong>Schneiden und feilen der N\u00e4gel desinfizieren und eincremen der H\u00e4nde<strong><br \/>\n<\/strong><\/td>\n<td>&nbsp;<\/p>\n<p><strong>\u00a0 19.-<\/strong><\/td>\n<\/tr>\n<tr>\n<td>&nbsp;<\/p>\n<p><strong>Lackieren der Fu\u00df oder Fingern\u00e4gel<br \/>\n<\/strong>Lack<\/p>\n<p>French Lack<strong><br \/>\n<\/strong><\/td>\n<td>&nbsp;<\/p>\n<p>&nbsp;<\/p>\n<p><strong>\u00a0 5.-<br \/>\n<\/strong><\/p>\n<p><strong>\u00a0 9.-<br \/>\n<\/strong><\/td>\n<\/tr>\n<\/tbody>\n<\/table>\n<h3><strong>Spezialtechniken:<\/strong><\/h3>\n<table style=\"height: 303px;\" width=\"605\">\n<tbody>\n<tr>\n<td><strong>Nagel-Prothetik (k\u00fcnstlicher Nagelersatz bei besch\u00e4digtem Nagel)<br \/>\n<\/strong>Sind N\u00e4gel verletzt oder deformiert, wird mit einer speziellen Masse aus Acryl eine Prothese<br \/>\n(k\u00fcnstlicher Nagel | Nagel-Prothese)\u00a0gefertigt und \u00fcber dem deformierten Nagel angebracht.<br \/>\nNagel-Prothesen sehen echten N\u00e4geln sehr \u00e4hnlich und k\u00f6nnen wie ein<br \/>\nnormaler Nagel behandelt und lackiert werden<\/td>\n<\/tr>\n<tr>\n<td style=\"padding-left: 30px;\">Gro\u00dfer Nagel<br \/>\nKleiner Nagel<\/td>\n<td><strong>\u00a035.-<\/strong><br \/>\n<strong>\u00a020.-<\/strong><\/td>\n<\/tr>\n<tr>\n<td><\/td>\n<\/tr>\n<\/tbody>\n<\/table>\n<p>Preisliste g\u00fcltig ab 01.07.2024<\/p>\n<div class=\"info-box-row clearfix\" id=\"info-box-row-77\">\n<a href=\"https:\/\/www.fusspflege-marchfeld.at\/kontakt\/\"><div id=\"info-box-15\" class=\" ffs-three-one ffs-info-box center last\" ><div class=\"ffs-icon-box\"><span class=\"ffs-icon-container\"><i class=\"fa fa-map-marker\" style=\"font-size:50px; color:#17632d; padding-top:35px;\"><\/i><\/span><\/div><div class=\"ffs-content-box\"><div class=\"infobox-title\" style=\"text-align:center; font-size:20px; text-transform: uppercase; \">So finden Sie uns<\/div><\/div><\/div>\n<\/a><div id=\"info-box-34\" class=\" three-two ffs-info-box center last\" ><div class=\"ffs-icon-box\"><span class=\"ffs-icon-container\"><i class=\"fa none\" style=\"color:#17632d\"><\/i><\/span><\/div><div class=\"ffs-content-box\"><div class=\"infobox-text\"  style=\"text-align:center; text-align:left\" >Das Fu\u00dfpflege-Studio befindet sich im Bezirk G\u00e4nserndorf im sch\u00f6nen Groi\u00dfenbrunn. Von Hainburg kommend fahren Sie entlang der B49 und gelangen direkt nach Groi\u00dfenbrunn.\u00a0 Von Lassee aus nehmen Sie die L5. In G\u00e4nserndorf folgen Sie der B8 bis Weikendorf, dann abbiegen Richtung Marchegg auf die L3005 und fahren immer der Stra\u00dfe nach bis Sie nach Groi\u00dfenbrunn kommen.<\/div><\/div><\/div>\n<\/div><div class=\"clearfix\"><\/div>\n","protected":false},"excerpt":{"rendered":"<p>&nbsp; Bitte nehmen Sie zu jeder Behandlung ein frisches Handtuch mit, andernfalls werden 3 Euro verrechnet und ein frisches Handtuch aus dem Studio f\u00fcr die Behandlung bereitgestellt. Fu\u00dfpflege (Pedik\u00fcre) Fu\u00dfbad, abtragen der Hornhaut mittels Skalpell, N\u00e4gel k\u00fcrzen, feilen, \u00fcbersch\u00fcssige Nagelhaut entfernen Behandlung von H\u00fchneraugen und eingewachsener N\u00e4gel &#8211; bei Bedarf fr\u00e4sen der N\u00e4gel desinfizieren und [&hellip;]<\/p>\n","protected":false},"author":1,"featured_media":0,"parent":0,"menu_order":0,"comment_status":"open","ping_status":"open","template":"","meta":{"footnotes":""},"yoast_head":"<!-- This site is optimized with the Yoast SEO plugin v22.5 - https:\/\/yoast.com\/wordpress\/plugins\/seo\/ -->\n<title>Preisliste - Fu\u00dfpflege im Machfeld<\/title>\n<meta name=\"robots\" content=\"index, follow, max-snippet:-1, max-image-preview:large, max-video-preview:-1\" \/>\n<link rel=\"canonical\" href=\"http:\/\/www.fusspflege-marchfeld.at\/index.php\/preisliste\/\" \/>\n<meta property=\"og:locale\" content=\"de_DE\" \/>\n<meta property=\"og:type\" content=\"article\" \/>\n<meta property=\"og:title\" content=\"Preisliste - Fu\u00dfpflege im Machfeld\" \/>\n<meta property=\"og:description\" content=\"&nbsp; Bitte nehmen Sie zu jeder Behandlung ein frisches Handtuch mit, andernfalls werden 3 Euro verrechnet und ein frisches Handtuch aus dem Studio f\u00fcr die Behandlung bereitgestellt. Fu\u00dfpflege (Pedik\u00fcre) Fu\u00dfbad, abtragen der Hornhaut mittels Skalpell, N\u00e4gel k\u00fcrzen, feilen, \u00fcbersch\u00fcssige Nagelhaut entfernen Behandlung von H\u00fchneraugen und eingewachsener N\u00e4gel &#8211; bei Bedarf fr\u00e4sen der N\u00e4gel desinfizieren und [&hellip;]\" \/>\n<meta property=\"og:url\" content=\"http:\/\/www.fusspflege-marchfeld.at\/index.php\/preisliste\/\" \/>\n<meta property=\"og:site_name\" content=\"Fu\u00dfpflege im Machfeld\" \/>\n<meta property=\"article:modified_time\" content=\"2025-10-17T11:47:38+00:00\" \/>\n<meta name=\"twitter:label1\" content=\"Gesch\u00e4tzte Lesezeit\" \/>\n\t<meta name=\"twitter:data1\" content=\"2\u00a0Minuten\" \/>\n<script type=\"application\/ld+json\" class=\"yoast-schema-graph\">{\"@context\":\"https:\/\/schema.org\",\"@graph\":[{\"@type\":\"WebPage\",\"@id\":\"http:\/\/www.fusspflege-marchfeld.at\/index.php\/preisliste\/\",\"url\":\"http:\/\/www.fusspflege-marchfeld.at\/index.php\/preisliste\/\",\"name\":\"Preisliste - Fu\u00dfpflege im Machfeld\",\"isPartOf\":{\"@id\":\"https:\/\/www.fusspflege-marchfeld.at\/index.php\/#website\"},\"datePublished\":\"2014-12-19T21:34:48+00:00\",\"dateModified\":\"2025-10-17T11:47:38+00:00\",\"breadcrumb\":{\"@id\":\"http:\/\/www.fusspflege-marchfeld.at\/index.php\/preisliste\/#breadcrumb\"},\"inLanguage\":\"de\",\"potentialAction\":[{\"@type\":\"ReadAction\",\"target\":[\"http:\/\/www.fusspflege-marchfeld.at\/index.php\/preisliste\/\"]}]},{\"@type\":\"BreadcrumbList\",\"@id\":\"http:\/\/www.fusspflege-marchfeld.at\/index.php\/preisliste\/#breadcrumb\",\"itemListElement\":[{\"@type\":\"ListItem\",\"position\":1,\"name\":\"Home\",\"item\":\"https:\/\/www.fusspflege-marchfeld.at\/index.php\/\"},{\"@type\":\"ListItem\",\"position\":2,\"name\":\"Preisliste\"}]},{\"@type\":\"WebSite\",\"@id\":\"https:\/\/www.fusspflege-marchfeld.at\/index.php\/#website\",\"url\":\"https:\/\/www.fusspflege-marchfeld.at\/index.php\/\",\"name\":\"Fu\u00dfpflege im Machfeld\",\"description\":\"Meisterbetrieb Katharina Edinger\",\"potentialAction\":[{\"@type\":\"SearchAction\",\"target\":{\"@type\":\"EntryPoint\",\"urlTemplate\":\"https:\/\/www.fusspflege-marchfeld.at\/index.php\/?s={search_term_string}\"},\"query-input\":\"required name=search_term_string\"}],\"inLanguage\":\"de\"}]}<\/script>\n<!-- \/ Yoast SEO plugin. -->","yoast_head_json":{"title":"Preisliste - Fu\u00dfpflege im Machfeld","robots":{"index":"index","follow":"follow","max-snippet":"max-snippet:-1","max-image-preview":"max-image-preview:large","max-video-preview":"max-video-preview:-1"},"canonical":"http:\/\/www.fusspflege-marchfeld.at\/index.php\/preisliste\/","og_locale":"de_DE","og_type":"article","og_title":"Preisliste - Fu\u00dfpflege im Machfeld","og_description":"&nbsp; Bitte nehmen Sie zu jeder Behandlung ein frisches Handtuch mit, andernfalls werden 3 Euro verrechnet und ein frisches Handtuch aus dem Studio f\u00fcr die Behandlung bereitgestellt. Fu\u00dfpflege (Pedik\u00fcre) Fu\u00dfbad, abtragen der Hornhaut mittels Skalpell, N\u00e4gel k\u00fcrzen, feilen, \u00fcbersch\u00fcssige Nagelhaut entfernen Behandlung von H\u00fchneraugen und eingewachsener N\u00e4gel &#8211; bei Bedarf fr\u00e4sen der N\u00e4gel desinfizieren und [&hellip;]","og_url":"http:\/\/www.fusspflege-marchfeld.at\/index.php\/preisliste\/","og_site_name":"Fu\u00dfpflege im Machfeld","article_modified_time":"2025-10-17T11:47:38+00:00","twitter_misc":{"Gesch\u00e4tzte Lesezeit":"2\u00a0Minuten"},"schema":{"@context":"https:\/\/schema.org","@graph":[{"@type":"WebPage","@id":"http:\/\/www.fusspflege-marchfeld.at\/index.php\/preisliste\/","url":"http:\/\/www.fusspflege-marchfeld.at\/index.php\/preisliste\/","name":"Preisliste - Fu\u00dfpflege im Machfeld","isPartOf":{"@id":"https:\/\/www.fusspflege-marchfeld.at\/index.php\/#website"},"datePublished":"2014-12-19T21:34:48+00:00","dateModified":"2025-10-17T11:47:38+00:00","breadcrumb":{"@id":"http:\/\/www.fusspflege-marchfeld.at\/index.php\/preisliste\/#breadcrumb"},"inLanguage":"de","potentialAction":[{"@type":"ReadAction","target":["http:\/\/www.fusspflege-marchfeld.at\/index.php\/preisliste\/"]}]},{"@type":"BreadcrumbList","@id":"http:\/\/www.fusspflege-marchfeld.at\/index.php\/preisliste\/#breadcrumb","itemListElement":[{"@type":"ListItem","position":1,"name":"Home","item":"https:\/\/www.fusspflege-marchfeld.at\/index.php\/"},{"@type":"ListItem","position":2,"name":"Preisliste"}]},{"@type":"WebSite","@id":"https:\/\/www.fusspflege-marchfeld.at\/index.php\/#website","url":"https:\/\/www.fusspflege-marchfeld.at\/index.php\/","name":"Fu\u00dfpflege im Machfeld","description":"Meisterbetrieb Katharina Edinger","potentialAction":[{"@type":"SearchAction","target":{"@type":"EntryPoint","urlTemplate":"https:\/\/www.fusspflege-marchfeld.at\/index.php\/?s={search_term_string}"},"query-input":"required name=search_term_string"}],"inLanguage":"de"}]}},"_links":{"self":[{"href":"https:\/\/www.fusspflege-marchfeld.at\/index.php\/wp-json\/wp\/v2\/pages\/11"}],"collection":[{"href":"https:\/\/www.fusspflege-marchfeld.at\/index.php\/wp-json\/wp\/v2\/pages"}],"about":[{"href":"https:\/\/www.fusspflege-marchfeld.at\/index.php\/wp-json\/wp\/v2\/types\/page"}],"author":[{"embeddable":true,"href":"https:\/\/www.fusspflege-marchfeld.at\/index.php\/wp-json\/wp\/v2\/users\/1"}],"replies":[{"embeddable":true,"href":"https:\/\/www.fusspflege-marchfeld.at\/index.php\/wp-json\/wp\/v2\/comments?post=11"}],"version-history":[{"count":72,"href":"https:\/\/www.fusspflege-marchfeld.at\/index.php\/wp-json\/wp\/v2\/pages\/11\/revisions"}],"predecessor-version":[{"id":399,"href":"https:\/\/www.fusspflege-marchfeld.at\/index.php\/wp-json\/wp\/v2\/pages\/11\/revisions\/399"}],"wp:attachment":[{"href":"https:\/\/www.fusspflege-marchfeld.at\/index.php\/wp-json\/wp\/v2\/media?parent=11"}],"curies":[{"name":"wp","href":"https:\/\/api.w.org\/{rel}","templated":true}]}}