{"id":118,"date":"2014-12-19T23:54:09","date_gmt":"2014-12-19T23:54:09","guid":{"rendered":"http:\/\/www.fusspflege-marchfeld.at\/index.php\/?page_id=118"},"modified":"2019-07-30T06:28:57","modified_gmt":"2019-07-30T06:28:57","slug":"ueber-mich","status":"publish","type":"page","link":"https:\/\/www.fusspflege-marchfeld.at\/index.php\/ueber-mich\/","title":{"rendered":"\u00dcber mich"},"content":{"rendered":"<p><a href=\"https:\/\/www.fusspflege-marchfeld.at\/wp-content\/uploads\/2014\/12\/Katharina_Edinger_Web-e1419288579822.jpg\"><img fetchpriority=\"high\" decoding=\"async\" class=\"wp-image-119 aligncenter\" src=\"https:\/\/www.fusspflege-marchfeld.at\/wp-content\/uploads\/2014\/12\/Katharina_Edinger_Web-e1419288579822.jpg\" alt=\"Katharina Edinger\" width=\"505\" height=\"299\"><\/a><\/p>\n<h2>&nbsp;<\/h2>\n<h3><strong>Katharina Edinger<\/strong><\/h3>\n<h5><strong><em>Lehrabschlusspr\u00fcfung<\/em>&nbsp;|&nbsp;<em>Meisterpr\u00fcfung<\/em>&nbsp;|&nbsp;<em>Unternehmerpr\u00fcfung<\/em>&nbsp;|&nbsp;<em>Gepr\u00fcfte Lehrlingsausbilderin<\/em><\/strong><\/h5>\n<p>Ich wurde 1991 in Wien geboren und bin im sch\u00f6nen Lassee aufgewachsen.<br \/>\n2010 absolvierte ich die Lehrabschlusspr\u00fcfung zur Fu\u00dfpflegerin, 2012 folgte die Meisterpr\u00fcfung.<br \/>\nIn renommierten Fu\u00dfpflegestudios in Wien sammelte ich viel Erfahrung in der Behandlung von Fu\u00df-, Haut- und Nagelproblemen.<br \/>\nAls stellvertretende Gesch\u00e4ftsf\u00fchrerin war ich bei der Ausbildung von Lehrlingen und der F\u00fchrung von Mitarbeitern mitverantwortlich.<\/p>\n<p>Die Gesundheit ist f\u00fcr mich das wertvollste Gut auf Erden und die Arbeit mit und am Menschen mein absoluter Traumberuf. So lag es nahe, mich 2015 mit einer eigenen Praxis selbst\u00e4ndig zu machen. In ruhiger und angenehmer Atmosph\u00e4re nehme ich mir gerne f\u00fcr Sie pers\u00f6nlich Zeit.<\/p>\n<p>Genie\u00dfen Sie eine Auszeit vom Alltag und tun Sie ihren F\u00fc\u00dfen etwas Gutes. Mit Sorgfalt, Gef\u00fchl und Fachkompetenz widme ich mich Ihrem Wohlbefinden.<\/p>\n<p>Ich freue mich darauf, Sie bei mir in Groi\u00dfenbrunn begr\u00fc\u00dfen zu d\u00fcrfen.<br \/>\n<a href=\"https:\/\/www.fusspflege-marchfeld.at\/wp-content\/uploads\/2015\/01\/SigKath.jpg\"><img decoding=\"async\" class=\"alignnone wp-image-272\" src=\"https:\/\/www.fusspflege-marchfeld.at\/wp-content\/uploads\/2015\/01\/SigKath-300x92.jpg\" alt=\"SigKath\" width=\"219\" height=\"55\"><\/a><\/p>\n","protected":false},"excerpt":{"rendered":"<p>&nbsp; Katharina Edinger Lehrabschlusspr\u00fcfung&nbsp;|&nbsp;Meisterpr\u00fcfung&nbsp;|&nbsp;Unternehmerpr\u00fcfung&nbsp;|&nbsp;Gepr\u00fcfte Lehrlingsausbilderin Ich wurde 1991 in Wien geboren und bin im sch\u00f6nen Lassee aufgewachsen. 2010 absolvierte ich die Lehrabschlusspr\u00fcfung zur Fu\u00dfpflegerin, 2012 folgte die Meisterpr\u00fcfung. In renommierten Fu\u00dfpflegestudios in Wien sammelte ich viel Erfahrung in der Behandlung von Fu\u00df-, Haut- und Nagelproblemen. Als stellvertretende Gesch\u00e4ftsf\u00fchrerin war ich bei der Ausbildung von Lehrlingen [&hellip;]<\/p>\n","protected":false},"author":1,"featured_media":0,"parent":0,"menu_order":0,"comment_status":"open","ping_status":"open","template":"","meta":{"footnotes":""},"yoast_head":"<!-- This site is optimized with the Yoast SEO plugin v22.5 - https:\/\/yoast.com\/wordpress\/plugins\/seo\/ -->\n<title>\u00dcber mich - Fu\u00dfpflege im Machfeld<\/title>\n<meta name=\"robots\" content=\"index, follow, max-snippet:-1, max-image-preview:large, max-video-preview:-1\" \/>\n<link rel=\"canonical\" href=\"http:\/\/www.fusspflege-marchfeld.at\/index.php\/ueber-mich\/\" \/>\n<meta property=\"og:locale\" content=\"de_DE\" \/>\n<meta property=\"og:type\" content=\"article\" \/>\n<meta property=\"og:title\" content=\"\u00dcber mich - Fu\u00dfpflege im Machfeld\" \/>\n<meta property=\"og:description\" content=\"&nbsp; Katharina Edinger Lehrabschlusspr\u00fcfung&nbsp;|&nbsp;Meisterpr\u00fcfung&nbsp;|&nbsp;Unternehmerpr\u00fcfung&nbsp;|&nbsp;Gepr\u00fcfte Lehrlingsausbilderin Ich wurde 1991 in Wien geboren und bin im sch\u00f6nen Lassee aufgewachsen. 2010 absolvierte ich die Lehrabschlusspr\u00fcfung zur Fu\u00dfpflegerin, 2012 folgte die Meisterpr\u00fcfung. In renommierten Fu\u00dfpflegestudios in Wien sammelte ich viel Erfahrung in der Behandlung von Fu\u00df-, Haut- und Nagelproblemen. Als stellvertretende Gesch\u00e4ftsf\u00fchrerin war ich bei der Ausbildung von Lehrlingen [&hellip;]\" \/>\n<meta property=\"og:url\" content=\"http:\/\/www.fusspflege-marchfeld.at\/index.php\/ueber-mich\/\" \/>\n<meta property=\"og:site_name\" content=\"Fu\u00dfpflege im Machfeld\" \/>\n<meta property=\"article:modified_time\" content=\"2019-07-30T06:28:57+00:00\" \/>\n<meta property=\"og:image\" content=\"https:\/\/www.fusspflege-marchfeld.at\/wp-content\/uploads\/2014\/12\/Katharina_Edinger_Web-e1419288579822.jpg\" \/>\n<meta name=\"twitter:label1\" content=\"Gesch\u00e4tzte Lesezeit\" \/>\n\t<meta name=\"twitter:data1\" content=\"1\u00a0Minute\" \/>\n<script type=\"application\/ld+json\" class=\"yoast-schema-graph\">{\"@context\":\"https:\/\/schema.org\",\"@graph\":[{\"@type\":\"WebPage\",\"@id\":\"http:\/\/www.fusspflege-marchfeld.at\/index.php\/ueber-mich\/\",\"url\":\"http:\/\/www.fusspflege-marchfeld.at\/index.php\/ueber-mich\/\",\"name\":\"\u00dcber mich - Fu\u00dfpflege im Machfeld\",\"isPartOf\":{\"@id\":\"https:\/\/www.fusspflege-marchfeld.at\/index.php\/#website\"},\"primaryImageOfPage\":{\"@id\":\"http:\/\/www.fusspflege-marchfeld.at\/index.php\/ueber-mich\/#primaryimage\"},\"image\":{\"@id\":\"http:\/\/www.fusspflege-marchfeld.at\/index.php\/ueber-mich\/#primaryimage\"},\"thumbnailUrl\":\"https:\/\/www.fusspflege-marchfeld.at\/wp-content\/uploads\/2014\/12\/Katharina_Edinger_Web-e1419288579822.jpg\",\"datePublished\":\"2014-12-19T23:54:09+00:00\",\"dateModified\":\"2019-07-30T06:28:57+00:00\",\"breadcrumb\":{\"@id\":\"http:\/\/www.fusspflege-marchfeld.at\/index.php\/ueber-mich\/#breadcrumb\"},\"inLanguage\":\"de\",\"potentialAction\":[{\"@type\":\"ReadAction\",\"target\":[\"http:\/\/www.fusspflege-marchfeld.at\/index.php\/ueber-mich\/\"]}]},{\"@type\":\"ImageObject\",\"inLanguage\":\"de\",\"@id\":\"http:\/\/www.fusspflege-marchfeld.at\/index.php\/ueber-mich\/#primaryimage\",\"url\":\"https:\/\/www.fusspflege-marchfeld.at\/wp-content\/uploads\/2014\/12\/Katharina_Edinger_Web-e1419288579822.jpg\",\"contentUrl\":\"https:\/\/www.fusspflege-marchfeld.at\/wp-content\/uploads\/2014\/12\/Katharina_Edinger_Web-e1419288579822.jpg\"},{\"@type\":\"BreadcrumbList\",\"@id\":\"http:\/\/www.fusspflege-marchfeld.at\/index.php\/ueber-mich\/#breadcrumb\",\"itemListElement\":[{\"@type\":\"ListItem\",\"position\":1,\"name\":\"Home\",\"item\":\"https:\/\/www.fusspflege-marchfeld.at\/index.php\/\"},{\"@type\":\"ListItem\",\"position\":2,\"name\":\"\u00dcber mich\"}]},{\"@type\":\"WebSite\",\"@id\":\"https:\/\/www.fusspflege-marchfeld.at\/index.php\/#website\",\"url\":\"https:\/\/www.fusspflege-marchfeld.at\/index.php\/\",\"name\":\"Fu\u00dfpflege im Machfeld\",\"description\":\"Meisterbetrieb Katharina Edinger\",\"potentialAction\":[{\"@type\":\"SearchAction\",\"target\":{\"@type\":\"EntryPoint\",\"urlTemplate\":\"https:\/\/www.fusspflege-marchfeld.at\/index.php\/?s={search_term_string}\"},\"query-input\":\"required name=search_term_string\"}],\"inLanguage\":\"de\"}]}<\/script>\n<!-- \/ Yoast SEO plugin. -->","yoast_head_json":{"title":"\u00dcber mich - Fu\u00dfpflege im Machfeld","robots":{"index":"index","follow":"follow","max-snippet":"max-snippet:-1","max-image-preview":"max-image-preview:large","max-video-preview":"max-video-preview:-1"},"canonical":"http:\/\/www.fusspflege-marchfeld.at\/index.php\/ueber-mich\/","og_locale":"de_DE","og_type":"article","og_title":"\u00dcber mich - Fu\u00dfpflege im Machfeld","og_description":"&nbsp; Katharina Edinger Lehrabschlusspr\u00fcfung&nbsp;|&nbsp;Meisterpr\u00fcfung&nbsp;|&nbsp;Unternehmerpr\u00fcfung&nbsp;|&nbsp;Gepr\u00fcfte Lehrlingsausbilderin Ich wurde 1991 in Wien geboren und bin im sch\u00f6nen Lassee aufgewachsen. 2010 absolvierte ich die Lehrabschlusspr\u00fcfung zur Fu\u00dfpflegerin, 2012 folgte die Meisterpr\u00fcfung. In renommierten Fu\u00dfpflegestudios in Wien sammelte ich viel Erfahrung in der Behandlung von Fu\u00df-, Haut- und Nagelproblemen. Als stellvertretende Gesch\u00e4ftsf\u00fchrerin war ich bei der Ausbildung von Lehrlingen [&hellip;]","og_url":"http:\/\/www.fusspflege-marchfeld.at\/index.php\/ueber-mich\/","og_site_name":"Fu\u00dfpflege im Machfeld","article_modified_time":"2019-07-30T06:28:57+00:00","og_image":[{"url":"https:\/\/www.fusspflege-marchfeld.at\/wp-content\/uploads\/2014\/12\/Katharina_Edinger_Web-e1419288579822.jpg"}],"twitter_misc":{"Gesch\u00e4tzte Lesezeit":"1\u00a0Minute"},"schema":{"@context":"https:\/\/schema.org","@graph":[{"@type":"WebPage","@id":"http:\/\/www.fusspflege-marchfeld.at\/index.php\/ueber-mich\/","url":"http:\/\/www.fusspflege-marchfeld.at\/index.php\/ueber-mich\/","name":"\u00dcber mich - Fu\u00dfpflege im Machfeld","isPartOf":{"@id":"https:\/\/www.fusspflege-marchfeld.at\/index.php\/#website"},"primaryImageOfPage":{"@id":"http:\/\/www.fusspflege-marchfeld.at\/index.php\/ueber-mich\/#primaryimage"},"image":{"@id":"http:\/\/www.fusspflege-marchfeld.at\/index.php\/ueber-mich\/#primaryimage"},"thumbnailUrl":"https:\/\/www.fusspflege-marchfeld.at\/wp-content\/uploads\/2014\/12\/Katharina_Edinger_Web-e1419288579822.jpg","datePublished":"2014-12-19T23:54:09+00:00","dateModified":"2019-07-30T06:28:57+00:00","breadcrumb":{"@id":"http:\/\/www.fusspflege-marchfeld.at\/index.php\/ueber-mich\/#breadcrumb"},"inLanguage":"de","potentialAction":[{"@type":"ReadAction","target":["http:\/\/www.fusspflege-marchfeld.at\/index.php\/ueber-mich\/"]}]},{"@type":"ImageObject","inLanguage":"de","@id":"http:\/\/www.fusspflege-marchfeld.at\/index.php\/ueber-mich\/#primaryimage","url":"https:\/\/www.fusspflege-marchfeld.at\/wp-content\/uploads\/2014\/12\/Katharina_Edinger_Web-e1419288579822.jpg","contentUrl":"https:\/\/www.fusspflege-marchfeld.at\/wp-content\/uploads\/2014\/12\/Katharina_Edinger_Web-e1419288579822.jpg"},{"@type":"BreadcrumbList","@id":"http:\/\/www.fusspflege-marchfeld.at\/index.php\/ueber-mich\/#breadcrumb","itemListElement":[{"@type":"ListItem","position":1,"name":"Home","item":"https:\/\/www.fusspflege-marchfeld.at\/index.php\/"},{"@type":"ListItem","position":2,"name":"\u00dcber mich"}]},{"@type":"WebSite","@id":"https:\/\/www.fusspflege-marchfeld.at\/index.php\/#website","url":"https:\/\/www.fusspflege-marchfeld.at\/index.php\/","name":"Fu\u00dfpflege im Machfeld","description":"Meisterbetrieb Katharina Edinger","potentialAction":[{"@type":"SearchAction","target":{"@type":"EntryPoint","urlTemplate":"https:\/\/www.fusspflege-marchfeld.at\/index.php\/?s={search_term_string}"},"query-input":"required name=search_term_string"}],"inLanguage":"de"}]}},"_links":{"self":[{"href":"https:\/\/www.fusspflege-marchfeld.at\/index.php\/wp-json\/wp\/v2\/pages\/118"}],"collection":[{"href":"https:\/\/www.fusspflege-marchfeld.at\/index.php\/wp-json\/wp\/v2\/pages"}],"about":[{"href":"https:\/\/www.fusspflege-marchfeld.at\/index.php\/wp-json\/wp\/v2\/types\/page"}],"author":[{"embeddable":true,"href":"https:\/\/www.fusspflege-marchfeld.at\/index.php\/wp-json\/wp\/v2\/users\/1"}],"replies":[{"embeddable":true,"href":"https:\/\/www.fusspflege-marchfeld.at\/index.php\/wp-json\/wp\/v2\/comments?post=118"}],"version-history":[{"count":32,"href":"https:\/\/www.fusspflege-marchfeld.at\/index.php\/wp-json\/wp\/v2\/pages\/118\/revisions"}],"predecessor-version":[{"id":349,"href":"https:\/\/www.fusspflege-marchfeld.at\/index.php\/wp-json\/wp\/v2\/pages\/118\/revisions\/349"}],"wp:attachment":[{"href":"https:\/\/www.fusspflege-marchfeld.at\/index.php\/wp-json\/wp\/v2\/media?parent=118"}],"curies":[{"name":"wp","href":"https:\/\/api.w.org\/{rel}","templated":true}]}}