{"id":218,"date":"2015-01-27T13:40:50","date_gmt":"2015-01-27T13:40:50","guid":{"rendered":"http:\/\/www.fusspflege-marchfeld.at\/index.php\/?page_id=218"},"modified":"2019-07-25T09:33:47","modified_gmt":"2019-07-25T09:33:47","slug":"impressum","status":"publish","type":"page","link":"https:\/\/www.fusspflege-marchfeld.at\/index.php\/impressum\/","title":{"rendered":"Impressum"},"content":{"rendered":"<table border=\"0\" cellspacing=\"0\" cellpadding=\"0\">\n<tbody>\n<tr>\n<td width=\"220\">F\u00fcr den Inhalt verantwortlich:<\/td>\n<td>Katharina Edinger<\/td>\n<\/tr>\n<\/tbody>\n<\/table>\n<p><strong><br \/>\nAllgemeine Informationen gem\u00e4\u00df \u00a7 5 E-Commerce-Gesetz (ECG) und&nbsp;\u00a7 25 Mediengesetz<\/strong><\/p>\n<table class=\"ecg\" border=\"0\" cellspacing=\"0\" cellpadding=\"0\">\n<tbody>\n<tr>\n<td valign=\"top\" width=\"220\">Name\/Betreiber der Website:<\/td>\n<td>Katharina Edinger<\/td>\n<\/tr>\n<tr>\n<td valign=\"top\">Anschrift:<\/td>\n<td>Bernsteinstra\u00dfe 13 I 2294 Groi\u00dfenbrunn<\/td>\n<\/tr>\n<tr>\n<td valign=\"top\">Telefon:<\/td>\n<td>+43&nbsp;680 121 68 12<\/td>\n<\/tr>\n<tr>\n<td valign=\"top\">Email:<\/td>\n<td><a href=\"&quot;mailto:Fusspflege-Marchfeld@gmx.at\">fusspflege-marchfeld@gmx.at<\/a><\/td>\n<\/tr>\n<tr>\n<td valign=\"top\">Aufsichtsbeh\u00f6rde:<\/td>\n<td>Bezirkshauptmannschaft G\u00e4nserndorf<\/td>\n<\/tr>\n<tr>\n<td valign=\"top\">Unternehmensart:<\/td>\n<td>Einzelunternehmer<\/td>\n<\/tr>\n<tr>\n<td valign=\"top\">Unternehmensgegenstand:<\/td>\n<td>Fu\u00df- und Handpflege, Diabetische Fu\u00dfpflege<\/td>\n<\/tr>\n<tr>\n<td>UID-Nummer:<\/td>\n<td>Keine Mehrwertsteuerverrechnung (Kleinunternehmer)<\/td>\n<\/tr>\n<tr>\n<td>Gewerbeordnung<\/td>\n<td><a title=\"Gewerbeordnung Fu\u00dfpflege\" href=\"https:\/\/www.ris.bka.gv.at\/GeltendeFassung.wxe?Abfrage=Bundesnormen&amp;Gesetzesnummer=20002440&amp;ShowPrintPreview=True\" target=\"_blank\" rel=\"nofollow noopener noreferrer\">Gewerbeordnung (GewO) f\u00fcr Fu\u00dfpfleger<\/a><\/td>\n<\/tr>\n<tr>\n<td colspan=\"2\">Wirtschaftskammer Nieder\u00f6sterreich<\/td>\n<\/tr>\n<\/tbody>\n<\/table>\n<p><strong>Haftungsausschluss<\/strong><\/p>\n<p>Der Inhaber und Betreiber dieser Website&nbsp;ist als Diensteanbieter nach \u00a7 17 Abs.1 des E-Commerce-Gesetztes (ECG) f\u00fcr fremde Informationen, die \u00fcber elektronische Verweise (Links) von den eigenen Webseiten aus zug\u00e4nglich gemacht werden, nicht verantwortlich.<\/p>\n<p>Zur Zeit der Linksetzung hat der Inhaber keine&nbsp;tats\u00e4chliche Kenntnis \u00fcber rechtswidrige T\u00e4tigkeiten oder Informationen und ist sich auch in Bezug auf Schadenersatzanspr\u00fcche, aus denen eine rechtswidrige T\u00e4tigkeit oder Information offensichtlich wird, keiner Tatsache bewusst.<\/p>\n<p>Gem\u00e4\u00df \u00a7 18 Abs.2 des E-Commerce-Gesetzes (ECG) ist der Inhaber nicht verpflichtet, die \u00fcber elektronische Verweise (Links) zug\u00e4nglich gemachten Informationen zu \u00fcberwachen oder nach Umst\u00e4nden zu forschen, die auf eine rechtswidrige T\u00e4tigkeit hinweisen.<\/p>\n<p>Der Inhaber verpflichtet sich aber, den Zugang (den elektronischen Verweis) zu diesen fremden Informationen sofort zu entfernen, sobald rechtswidrige Inhalte bzw. rechtswidrige T\u00e4tigkeiten der Anbieter der zug\u00e4nglich gemachten Informationen feststellt werden, bzw. dar\u00fcber Kenntnis erlangt wird.<a title=\"Creative Director\" href=\"https:\/\/www.pro-world.at\/request\/url.php?link=https:\/\/www.creativedirector.cc\" target=\"_blank\" rel=\"noopener noreferrer\"><br \/>\n<\/a><br \/>\n<strong>Fotos:<\/strong><br \/>\nPers\u00f6nliches Eigentum<br \/>\nistockphoto.com | ID&nbsp;<a class=\"adp-link\" title=\"9452724\" href=\"https:\/\/www.istockphoto.com\/photo\/pedicured-feet-9452724\">9452724<\/a><\/p>\n<p>All rights reserved.<\/p>\n","protected":false},"excerpt":{"rendered":"<p>F\u00fcr den Inhalt verantwortlich: Katharina Edinger Allgemeine Informationen gem\u00e4\u00df \u00a7 5 E-Commerce-Gesetz (ECG) und&nbsp;\u00a7 25 Mediengesetz Name\/Betreiber der Website: Katharina Edinger Anschrift: Bernsteinstra\u00dfe 13 I 2294 Groi\u00dfenbrunn Telefon: +43&nbsp;680 121 68 12 Email: fusspflege-marchfeld@gmx.at Aufsichtsbeh\u00f6rde: Bezirkshauptmannschaft G\u00e4nserndorf Unternehmensart: Einzelunternehmer Unternehmensgegenstand: Fu\u00df- und Handpflege, Diabetische Fu\u00dfpflege UID-Nummer: Keine Mehrwertsteuerverrechnung (Kleinunternehmer) Gewerbeordnung Gewerbeordnung (GewO) f\u00fcr Fu\u00dfpfleger Wirtschaftskammer [&hellip;]<\/p>\n","protected":false},"author":1,"featured_media":0,"parent":0,"menu_order":0,"comment_status":"open","ping_status":"open","template":"","meta":{"footnotes":""},"yoast_head":"<!-- This site is optimized with the Yoast SEO plugin v22.5 - https:\/\/yoast.com\/wordpress\/plugins\/seo\/ -->\n<title>Impressum - Fu\u00dfpflege im Machfeld<\/title>\n<meta name=\"robots\" content=\"index, follow, max-snippet:-1, max-image-preview:large, max-video-preview:-1\" \/>\n<link rel=\"canonical\" href=\"https:\/\/www.fusspflege-marchfeld.at\/index.php\/impressum\/\" \/>\n<meta property=\"og:locale\" content=\"de_DE\" \/>\n<meta property=\"og:type\" content=\"article\" \/>\n<meta property=\"og:title\" content=\"Impressum - Fu\u00dfpflege im Machfeld\" \/>\n<meta property=\"og:description\" content=\"F\u00fcr den Inhalt verantwortlich: Katharina Edinger Allgemeine Informationen gem\u00e4\u00df \u00a7 5 E-Commerce-Gesetz (ECG) und&nbsp;\u00a7 25 Mediengesetz Name\/Betreiber der Website: Katharina Edinger Anschrift: Bernsteinstra\u00dfe 13 I 2294 Groi\u00dfenbrunn Telefon: +43&nbsp;680 121 68 12 Email: fusspflege-marchfeld@gmx.at Aufsichtsbeh\u00f6rde: Bezirkshauptmannschaft G\u00e4nserndorf Unternehmensart: Einzelunternehmer Unternehmensgegenstand: Fu\u00df- und Handpflege, Diabetische Fu\u00dfpflege UID-Nummer: Keine Mehrwertsteuerverrechnung (Kleinunternehmer) Gewerbeordnung Gewerbeordnung (GewO) f\u00fcr Fu\u00dfpfleger Wirtschaftskammer [&hellip;]\" \/>\n<meta property=\"og:url\" content=\"https:\/\/www.fusspflege-marchfeld.at\/index.php\/impressum\/\" \/>\n<meta property=\"og:site_name\" content=\"Fu\u00dfpflege im Machfeld\" \/>\n<meta property=\"article:modified_time\" content=\"2019-07-25T09:33:47+00:00\" \/>\n<meta name=\"twitter:label1\" content=\"Gesch\u00e4tzte Lesezeit\" \/>\n\t<meta name=\"twitter:data1\" content=\"1\u00a0Minute\" \/>\n<script type=\"application\/ld+json\" class=\"yoast-schema-graph\">{\"@context\":\"https:\/\/schema.org\",\"@graph\":[{\"@type\":\"WebPage\",\"@id\":\"https:\/\/www.fusspflege-marchfeld.at\/index.php\/impressum\/\",\"url\":\"https:\/\/www.fusspflege-marchfeld.at\/index.php\/impressum\/\",\"name\":\"Impressum - Fu\u00dfpflege im Machfeld\",\"isPartOf\":{\"@id\":\"http:\/\/www.fusspflege-marchfeld.at\/index.php\/#website\"},\"datePublished\":\"2015-01-27T13:40:50+00:00\",\"dateModified\":\"2019-07-25T09:33:47+00:00\",\"breadcrumb\":{\"@id\":\"https:\/\/www.fusspflege-marchfeld.at\/index.php\/impressum\/#breadcrumb\"},\"inLanguage\":\"de\",\"potentialAction\":[{\"@type\":\"ReadAction\",\"target\":[\"https:\/\/www.fusspflege-marchfeld.at\/index.php\/impressum\/\"]}]},{\"@type\":\"BreadcrumbList\",\"@id\":\"https:\/\/www.fusspflege-marchfeld.at\/index.php\/impressum\/#breadcrumb\",\"itemListElement\":[{\"@type\":\"ListItem\",\"position\":1,\"name\":\"Home\",\"item\":\"http:\/\/www.fusspflege-marchfeld.at\/index.php\/\"},{\"@type\":\"ListItem\",\"position\":2,\"name\":\"Impressum\"}]},{\"@type\":\"WebSite\",\"@id\":\"http:\/\/www.fusspflege-marchfeld.at\/index.php\/#website\",\"url\":\"http:\/\/www.fusspflege-marchfeld.at\/index.php\/\",\"name\":\"Fu\u00dfpflege im Machfeld\",\"description\":\"Meisterbetrieb Katharina Edinger\",\"potentialAction\":[{\"@type\":\"SearchAction\",\"target\":{\"@type\":\"EntryPoint\",\"urlTemplate\":\"http:\/\/www.fusspflege-marchfeld.at\/index.php\/?s={search_term_string}\"},\"query-input\":\"required name=search_term_string\"}],\"inLanguage\":\"de\"}]}<\/script>\n<!-- \/ Yoast SEO plugin. -->","yoast_head_json":{"title":"Impressum - Fu\u00dfpflege im Machfeld","robots":{"index":"index","follow":"follow","max-snippet":"max-snippet:-1","max-image-preview":"max-image-preview:large","max-video-preview":"max-video-preview:-1"},"canonical":"https:\/\/www.fusspflege-marchfeld.at\/index.php\/impressum\/","og_locale":"de_DE","og_type":"article","og_title":"Impressum - Fu\u00dfpflege im Machfeld","og_description":"F\u00fcr den Inhalt verantwortlich: Katharina Edinger Allgemeine Informationen gem\u00e4\u00df \u00a7 5 E-Commerce-Gesetz (ECG) und&nbsp;\u00a7 25 Mediengesetz Name\/Betreiber der Website: Katharina Edinger Anschrift: Bernsteinstra\u00dfe 13 I 2294 Groi\u00dfenbrunn Telefon: +43&nbsp;680 121 68 12 Email: fusspflege-marchfeld@gmx.at Aufsichtsbeh\u00f6rde: Bezirkshauptmannschaft G\u00e4nserndorf Unternehmensart: Einzelunternehmer Unternehmensgegenstand: Fu\u00df- und Handpflege, Diabetische Fu\u00dfpflege UID-Nummer: Keine Mehrwertsteuerverrechnung (Kleinunternehmer) Gewerbeordnung Gewerbeordnung (GewO) f\u00fcr Fu\u00dfpfleger Wirtschaftskammer [&hellip;]","og_url":"https:\/\/www.fusspflege-marchfeld.at\/index.php\/impressum\/","og_site_name":"Fu\u00dfpflege im Machfeld","article_modified_time":"2019-07-25T09:33:47+00:00","twitter_misc":{"Gesch\u00e4tzte Lesezeit":"1\u00a0Minute"},"schema":{"@context":"https:\/\/schema.org","@graph":[{"@type":"WebPage","@id":"https:\/\/www.fusspflege-marchfeld.at\/index.php\/impressum\/","url":"https:\/\/www.fusspflege-marchfeld.at\/index.php\/impressum\/","name":"Impressum - Fu\u00dfpflege im Machfeld","isPartOf":{"@id":"http:\/\/www.fusspflege-marchfeld.at\/index.php\/#website"},"datePublished":"2015-01-27T13:40:50+00:00","dateModified":"2019-07-25T09:33:47+00:00","breadcrumb":{"@id":"https:\/\/www.fusspflege-marchfeld.at\/index.php\/impressum\/#breadcrumb"},"inLanguage":"de","potentialAction":[{"@type":"ReadAction","target":["https:\/\/www.fusspflege-marchfeld.at\/index.php\/impressum\/"]}]},{"@type":"BreadcrumbList","@id":"https:\/\/www.fusspflege-marchfeld.at\/index.php\/impressum\/#breadcrumb","itemListElement":[{"@type":"ListItem","position":1,"name":"Home","item":"http:\/\/www.fusspflege-marchfeld.at\/index.php\/"},{"@type":"ListItem","position":2,"name":"Impressum"}]},{"@type":"WebSite","@id":"http:\/\/www.fusspflege-marchfeld.at\/index.php\/#website","url":"http:\/\/www.fusspflege-marchfeld.at\/index.php\/","name":"Fu\u00dfpflege im Machfeld","description":"Meisterbetrieb Katharina Edinger","potentialAction":[{"@type":"SearchAction","target":{"@type":"EntryPoint","urlTemplate":"http:\/\/www.fusspflege-marchfeld.at\/index.php\/?s={search_term_string}"},"query-input":"required name=search_term_string"}],"inLanguage":"de"}]}},"_links":{"self":[{"href":"https:\/\/www.fusspflege-marchfeld.at\/index.php\/wp-json\/wp\/v2\/pages\/218"}],"collection":[{"href":"https:\/\/www.fusspflege-marchfeld.at\/index.php\/wp-json\/wp\/v2\/pages"}],"about":[{"href":"https:\/\/www.fusspflege-marchfeld.at\/index.php\/wp-json\/wp\/v2\/types\/page"}],"author":[{"embeddable":true,"href":"https:\/\/www.fusspflege-marchfeld.at\/index.php\/wp-json\/wp\/v2\/users\/1"}],"replies":[{"embeddable":true,"href":"https:\/\/www.fusspflege-marchfeld.at\/index.php\/wp-json\/wp\/v2\/comments?post=218"}],"version-history":[{"count":14,"href":"https:\/\/www.fusspflege-marchfeld.at\/index.php\/wp-json\/wp\/v2\/pages\/218\/revisions"}],"predecessor-version":[{"id":346,"href":"https:\/\/www.fusspflege-marchfeld.at\/index.php\/wp-json\/wp\/v2\/pages\/218\/revisions\/346"}],"wp:attachment":[{"href":"https:\/\/www.fusspflege-marchfeld.at\/index.php\/wp-json\/wp\/v2\/media?parent=218"}],"curies":[{"name":"wp","href":"https:\/\/api.w.org\/{rel}","templated":true}]}}