{"id":335,"date":"2019-07-03T15:00:40","date_gmt":"2019-07-03T15:00:40","guid":{"rendered":"https:\/\/www.fusspflege-marchfeld.at\/index.php\/?page_id=335"},"modified":"2019-07-04T06:52:53","modified_gmt":"2019-07-04T06:52:53","slug":"datenschutz","status":"publish","type":"page","link":"https:\/\/www.fusspflege-marchfeld.at\/index.php\/datenschutz\/","title":{"rendered":"Datenschutz"},"content":{"rendered":"<p>Der Schutz Ihrer Daten ist mir wichtig! Ich erhebe und verwende Ihre personenbezogenen Daten ausschlie\u00dflich im Rahmen der Bestimmungen der EU-Datenschutz-Grundverordnung (DSGVO). Hier erfahren Sie mehr \u00fcber Art, Umfang und Zweck unserer Erhebungen.<\/p>\n<p><strong>Server-Log-Dateien<\/strong><br \/>\nDer Provider der Seiten erhebt und speichert automatisch Informationen in so genannten Server-Log-Dateien, die Ihr Browser automatisch an uns \u00fcbermittelt. Dies sind:<\/p>\n<ul>\n<li>Browsertyp und Browserversion<\/li>\n<li>verwendetes Betriebssystem<\/li>\n<li>Referrer URL<\/li>\n<li>Hostname des zugreifenden Rechners<\/li>\n<li>Uhrzeit der Serveranfrage<\/li>\n<li>IP-Adresse<\/li>\n<\/ul>\n<p>Eine Zusammenf\u00fchrung dieser Daten mit anderen Datenquellen wird nicht vorgenommen.<br \/>\nGrundlage f\u00fcr die Datenverarbeitung ist Art. 6 Abs. 1 lit. b DSGVO, der die Verarbeitung von Daten zur Erf\u00fcllung eines Vertrags oder vorvertraglicher Ma\u00dfnahmen gestattet.<\/p>\n<p><strong>SSL- bzw. TLS-Verschl\u00fcsselung<\/strong><br \/>\nDiese Seite nutzt aus Sicherheitsgr\u00fcnden und zum Schutz der \u00dcbertragung vertraulicher Inhalte, wie zum Beispiel Bestellungen oder Anfragen, die Sie an uns als Seitenbetreiber senden, eine SSL-bzw. TLS-Verschl\u00fcsselung. Eine verschl\u00fcsselte Verbindung erkennen Sie daran, dass die Adresszeile des Browsers von \u201chttp:\/\/\u201d auf \u201chttps:\/\/\u201d wechselt und an dem Schloss-Symbol in Ihrer Browserzeile. Wenn die SSL- bzw. TLS-Verschl\u00fcsselung aktiviert ist, k\u00f6nnen die Daten, die Sie an uns \u00fcbermitteln, nicht von Dritten mitgelesen werden.<\/p>\n<p><strong>Verarbeitung und Weitergabe personenbezogener Daten<\/strong><br \/>\nWenn Sie mir personenbezogene Daten au\u00dferhalb eines Vertrages zur Verf\u00fcgung stellen, so verarbeite ich diese Daten zu dem Ihnen bei der Erhebung der Daten mitgeteilten Zweck oder insoweit, als dies zur Bearbeitung einer Kontaktaufnahme (per E-Mail, Telefon, etc.) erforderlich ist. In Einzelf\u00e4llen kann ich auch gesetzlich verpflichtet oder aufgrund meines \u00fcberwiegenden Interesses berechtigt sein, Ihre personenbezogenen Daten zu verarbeiten. Eine Weitergabe an Dritte erfolgt nur, wenn die Vertragserf\u00fcllung dies erfordert.<\/p>\n<p><strong>L\u00f6schung der von uns verarbeiteten personenbezogenen Daten<\/strong><br \/>\nIhre personenbezogenen Daten werden von mir gel\u00f6scht sobald kein Grund mehr f\u00fcr die weitere Verarbeitung oder Speicherung vorliegt. Sie k\u00f6nnen au\u00dferdem selbstverst\u00e4ndlich jederzeit die L\u00f6schung Ihrer Daten verlangen (siehe Punkt \u201eBetroffenenrechte\u201c). Wenn ich gesetzlich zur Aufbewahrung Ihrer Daten verpflichtet bin, erfolgt die L\u00f6schung nach Ablauf dieser gesetzlichen Aufbewahrungsfrist.<\/p>\n<p><strong>Betroffenenrechte<\/strong>&nbsp;<br \/>\nIhnen stehen grunds\u00e4tzlich die Rechte auf Auskunft, Berichtigung, L\u00f6schung, Einschr\u00e4nkung, Daten\u00fcbertragbarkeit, Widerruf und Widerspruch zu. Wenn Sie glauben, dass die Verarbeitung Ihrer Daten gegen das Datenschutzrecht verst\u00f6\u00dft oder Ihre datenschutzrechtlichen Anspr\u00fcche sonst in einer Weise verletzt worden sind, k\u00f6nnen Sie sich bei der Aufsichtsbeh\u00f6rde, der \u00d6sterreichischen Datenschutzbeh\u00f6rde beschweren.<\/p>\n<p><strong>Beschwerderecht<\/strong><br \/>\nDie EU-Datenschutz-Grundverordnung und das \u00f6sterreichischen Datenschutzgesetz gew\u00e4hrleisten Ihnen die oben genannten Rechte im Bereich Datenschutz. Wenn Sie der Ansicht sind, in einem dieser Rechte durch mich verletzt worden zu sein, haben Sie die M\u00f6glichkeit, sich bei einer Datenschutz-Aufsichtsbeh\u00f6rde zu beschweren. In \u00d6sterreich ist daf\u00fcr die \u00d6sterreichische Datenschutzbeh\u00f6rde, Wickenburggasse 8, 1080 Wien, zust\u00e4ndig.&nbsp;<\/p>\n<p>&nbsp;<\/p>\n","protected":false},"excerpt":{"rendered":"<p>Der Schutz Ihrer Daten ist mir wichtig! Ich erhebe und verwende Ihre personenbezogenen Daten ausschlie\u00dflich im Rahmen der Bestimmungen der EU-Datenschutz-Grundverordnung (DSGVO). Hier erfahren Sie mehr \u00fcber Art, Umfang und Zweck unserer Erhebungen. Server-Log-Dateien Der Provider der Seiten erhebt und speichert automatisch Informationen in so genannten Server-Log-Dateien, die Ihr Browser automatisch an uns \u00fcbermittelt. Dies [&hellip;]<\/p>\n","protected":false},"author":1,"featured_media":0,"parent":0,"menu_order":0,"comment_status":"closed","ping_status":"closed","template":"","meta":{"footnotes":""},"yoast_head":"<!-- This site is optimized with the Yoast SEO plugin v22.5 - https:\/\/yoast.com\/wordpress\/plugins\/seo\/ -->\n<title>Datenschutz - Fu\u00dfpflege im Machfeld<\/title>\n<meta name=\"robots\" content=\"index, follow, max-snippet:-1, max-image-preview:large, max-video-preview:-1\" \/>\n<link rel=\"canonical\" href=\"https:\/\/www.fusspflege-marchfeld.at\/index.php\/datenschutz\/\" \/>\n<meta property=\"og:locale\" content=\"de_DE\" \/>\n<meta property=\"og:type\" content=\"article\" \/>\n<meta property=\"og:title\" content=\"Datenschutz - Fu\u00dfpflege im Machfeld\" \/>\n<meta property=\"og:description\" content=\"Der Schutz Ihrer Daten ist mir wichtig! Ich erhebe und verwende Ihre personenbezogenen Daten ausschlie\u00dflich im Rahmen der Bestimmungen der EU-Datenschutz-Grundverordnung (DSGVO). Hier erfahren Sie mehr \u00fcber Art, Umfang und Zweck unserer Erhebungen. Server-Log-Dateien Der Provider der Seiten erhebt und speichert automatisch Informationen in so genannten Server-Log-Dateien, die Ihr Browser automatisch an uns \u00fcbermittelt. Dies [&hellip;]\" \/>\n<meta property=\"og:url\" content=\"https:\/\/www.fusspflege-marchfeld.at\/index.php\/datenschutz\/\" \/>\n<meta property=\"og:site_name\" content=\"Fu\u00dfpflege im Machfeld\" \/>\n<meta property=\"article:modified_time\" content=\"2019-07-04T06:52:53+00:00\" \/>\n<meta name=\"twitter:label1\" content=\"Gesch\u00e4tzte Lesezeit\" \/>\n\t<meta name=\"twitter:data1\" content=\"2\u00a0Minuten\" \/>\n<script type=\"application\/ld+json\" class=\"yoast-schema-graph\">{\"@context\":\"https:\/\/schema.org\",\"@graph\":[{\"@type\":\"WebPage\",\"@id\":\"https:\/\/www.fusspflege-marchfeld.at\/index.php\/datenschutz\/\",\"url\":\"https:\/\/www.fusspflege-marchfeld.at\/index.php\/datenschutz\/\",\"name\":\"Datenschutz - Fu\u00dfpflege im Machfeld\",\"isPartOf\":{\"@id\":\"https:\/\/www.fusspflege-marchfeld.at\/index.php\/#website\"},\"datePublished\":\"2019-07-03T15:00:40+00:00\",\"dateModified\":\"2019-07-04T06:52:53+00:00\",\"breadcrumb\":{\"@id\":\"https:\/\/www.fusspflege-marchfeld.at\/index.php\/datenschutz\/#breadcrumb\"},\"inLanguage\":\"de\",\"potentialAction\":[{\"@type\":\"ReadAction\",\"target\":[\"https:\/\/www.fusspflege-marchfeld.at\/index.php\/datenschutz\/\"]}]},{\"@type\":\"BreadcrumbList\",\"@id\":\"https:\/\/www.fusspflege-marchfeld.at\/index.php\/datenschutz\/#breadcrumb\",\"itemListElement\":[{\"@type\":\"ListItem\",\"position\":1,\"name\":\"Home\",\"item\":\"https:\/\/www.fusspflege-marchfeld.at\/index.php\/\"},{\"@type\":\"ListItem\",\"position\":2,\"name\":\"Datenschutz\"}]},{\"@type\":\"WebSite\",\"@id\":\"https:\/\/www.fusspflege-marchfeld.at\/index.php\/#website\",\"url\":\"https:\/\/www.fusspflege-marchfeld.at\/index.php\/\",\"name\":\"Fu\u00dfpflege im Machfeld\",\"description\":\"Meisterbetrieb Katharina Edinger\",\"potentialAction\":[{\"@type\":\"SearchAction\",\"target\":{\"@type\":\"EntryPoint\",\"urlTemplate\":\"https:\/\/www.fusspflege-marchfeld.at\/index.php\/?s={search_term_string}\"},\"query-input\":\"required name=search_term_string\"}],\"inLanguage\":\"de\"}]}<\/script>\n<!-- \/ Yoast SEO plugin. -->","yoast_head_json":{"title":"Datenschutz - Fu\u00dfpflege im Machfeld","robots":{"index":"index","follow":"follow","max-snippet":"max-snippet:-1","max-image-preview":"max-image-preview:large","max-video-preview":"max-video-preview:-1"},"canonical":"https:\/\/www.fusspflege-marchfeld.at\/index.php\/datenschutz\/","og_locale":"de_DE","og_type":"article","og_title":"Datenschutz - Fu\u00dfpflege im Machfeld","og_description":"Der Schutz Ihrer Daten ist mir wichtig! Ich erhebe und verwende Ihre personenbezogenen Daten ausschlie\u00dflich im Rahmen der Bestimmungen der EU-Datenschutz-Grundverordnung (DSGVO). Hier erfahren Sie mehr \u00fcber Art, Umfang und Zweck unserer Erhebungen. Server-Log-Dateien Der Provider der Seiten erhebt und speichert automatisch Informationen in so genannten Server-Log-Dateien, die Ihr Browser automatisch an uns \u00fcbermittelt. Dies [&hellip;]","og_url":"https:\/\/www.fusspflege-marchfeld.at\/index.php\/datenschutz\/","og_site_name":"Fu\u00dfpflege im Machfeld","article_modified_time":"2019-07-04T06:52:53+00:00","twitter_misc":{"Gesch\u00e4tzte Lesezeit":"2\u00a0Minuten"},"schema":{"@context":"https:\/\/schema.org","@graph":[{"@type":"WebPage","@id":"https:\/\/www.fusspflege-marchfeld.at\/index.php\/datenschutz\/","url":"https:\/\/www.fusspflege-marchfeld.at\/index.php\/datenschutz\/","name":"Datenschutz - Fu\u00dfpflege im Machfeld","isPartOf":{"@id":"https:\/\/www.fusspflege-marchfeld.at\/index.php\/#website"},"datePublished":"2019-07-03T15:00:40+00:00","dateModified":"2019-07-04T06:52:53+00:00","breadcrumb":{"@id":"https:\/\/www.fusspflege-marchfeld.at\/index.php\/datenschutz\/#breadcrumb"},"inLanguage":"de","potentialAction":[{"@type":"ReadAction","target":["https:\/\/www.fusspflege-marchfeld.at\/index.php\/datenschutz\/"]}]},{"@type":"BreadcrumbList","@id":"https:\/\/www.fusspflege-marchfeld.at\/index.php\/datenschutz\/#breadcrumb","itemListElement":[{"@type":"ListItem","position":1,"name":"Home","item":"https:\/\/www.fusspflege-marchfeld.at\/index.php\/"},{"@type":"ListItem","position":2,"name":"Datenschutz"}]},{"@type":"WebSite","@id":"https:\/\/www.fusspflege-marchfeld.at\/index.php\/#website","url":"https:\/\/www.fusspflege-marchfeld.at\/index.php\/","name":"Fu\u00dfpflege im Machfeld","description":"Meisterbetrieb Katharina Edinger","potentialAction":[{"@type":"SearchAction","target":{"@type":"EntryPoint","urlTemplate":"https:\/\/www.fusspflege-marchfeld.at\/index.php\/?s={search_term_string}"},"query-input":"required name=search_term_string"}],"inLanguage":"de"}]}},"_links":{"self":[{"href":"https:\/\/www.fusspflege-marchfeld.at\/index.php\/wp-json\/wp\/v2\/pages\/335"}],"collection":[{"href":"https:\/\/www.fusspflege-marchfeld.at\/index.php\/wp-json\/wp\/v2\/pages"}],"about":[{"href":"https:\/\/www.fusspflege-marchfeld.at\/index.php\/wp-json\/wp\/v2\/types\/page"}],"author":[{"embeddable":true,"href":"https:\/\/www.fusspflege-marchfeld.at\/index.php\/wp-json\/wp\/v2\/users\/1"}],"replies":[{"embeddable":true,"href":"https:\/\/www.fusspflege-marchfeld.at\/index.php\/wp-json\/wp\/v2\/comments?post=335"}],"version-history":[{"count":3,"href":"https:\/\/www.fusspflege-marchfeld.at\/index.php\/wp-json\/wp\/v2\/pages\/335\/revisions"}],"predecessor-version":[{"id":339,"href":"https:\/\/www.fusspflege-marchfeld.at\/index.php\/wp-json\/wp\/v2\/pages\/335\/revisions\/339"}],"wp:attachment":[{"href":"https:\/\/www.fusspflege-marchfeld.at\/index.php\/wp-json\/wp\/v2\/media?parent=335"}],"curies":[{"name":"wp","href":"https:\/\/api.w.org\/{rel}","templated":true}]}}