{"id":5,"date":"2014-07-29T12:03:13","date_gmt":"2014-07-29T12:03:13","guid":{"rendered":"http:\/\/fruitfultheme.com\/?page_id=5"},"modified":"2021-11-07T10:39:33","modified_gmt":"2021-11-07T10:39:33","slug":"home","status":"publish","type":"page","link":"https:\/\/www.fusspflege-marchfeld.at\/index.php\/","title":{"rendered":"Home"},"content":{"rendered":"<div class=\"fruitful_description_box\"><div class=\"fruitful_description shadow-type-1 \" id=\"desc-box-9\"><span class=\"top_line\"><\/span><div class=\"text\" style=\" font-size: 40px; text-transform : uppercase; text-align: center; font-weight: 300; line-height: 1.2;\">HERZLICH WILLKOMMEN<\/div><span class=\"bottom_line\"><\/span><\/div><\/div><div class=\"clearfix\"><\/div>\n<p style=\"text-align: center; font-size: 18px;\">F\u00fcr eine telefonische Terminvereinbarung klicken Sie bitte <a title=\"Kontakt\" href=\"https:\/\/www.fusspflege-marchfeld.at\/index.php\/kontakt\/\">HIER.<\/a><\/p>\n<div class=\"line number2 index1 alt1\">\n<div class=\"line number1 index0 alt2\"><div class=\"info-box-row clearfix\" id=\"info-box-row-25\">\n<a href=\"https:\/\/www.fusspflege-marchfeld.at\/preisliste\/\"><div id=\"info-box-7\" class=\" ffs-three-one ffs-info-box center \" ><div class=\"ffs-icon-box\"><span class=\"ffs-icon-container\"><i class=\"fa fa-star\" style=\"font-size:80px; color:#17632d\"><\/i><\/span><\/div><div class=\"ffs-content-box\"><div class=\"infobox-title\" style=\"text-align:center; font-size:20px; text-transform: uppercase; \">Leistungen<\/div><div class=\"infobox-text\"  style=\"text-align:center; font-size:13px; \" >Sehen Sie eine \u00dcbersicht \u00fcber meine Leistungen und Services.<\/div><\/div><\/div><\/a>\n<a href=\"https:\/\/www.fusspflege-marchfeld.at\/ueber-mich\/\"><div id=\"info-box-54\" class=\" ffs-three-one ffs-info-box center \" ><div class=\"ffs-icon-box\"><span class=\"ffs-icon-container\"><i class=\"fa fa-graduation-cap\" style=\"font-size:80px;color:#17632d\"><\/i><\/span><\/div><div class=\"ffs-content-box\"><div class=\"infobox-title\" style=\"text-align:center; font-size:20px; text-transform: uppercase; \">Die Meisterin<\/div><div class=\"infobox-text\"  style=\"text-align:center; font-size:13px; \" >Erfahren Sie mehr \u00fcber die Frau hinter dem Meisterbetrieb.<\/div><\/div><\/div><\/a>\n<a href=\"https:\/\/www.fusspflege-marchfeld.at\/studio\/\"><div id=\"info-box-74\" class=\" ffs-three-one ffs-info-box center last\" ><div class=\"ffs-icon-box\"><span class=\"ffs-icon-container\"><i class=\"fa fa-camera\" style=\"font-size:80px; color:#17632d\"><\/i><\/span><\/div><div class=\"ffs-content-box\"><div class=\"infobox-title\" style=\"text-align:center; font-size:20px; text-transform: uppercase; \">Studio<\/div><div class=\"infobox-text\"  style=\"text-align:center; font-size:13px; \" >Werfen Sie einen Blick ins Studio im sch\u00f6nen Groi\u00dfenbrunn.<\/div><\/div><\/div><\/a>\n<\/div><div class=\"clearfix\"><\/div><\/div>\n<\/div>\n<div class=\"info-box-row clearfix\" id=\"info-box-row-84\">\n<a href=\"https:\/\/www.fusspflege-marchfeld.at\/kontakt\/\"><div id=\"info-box-11\" class=\" ffs-three-one ffs-info-box center last\" ><div class=\"ffs-icon-box\"><span class=\"ffs-icon-container\"><i class=\"fa fa-map-marker\" style=\"font-size:50px; color:#17632d; padding-top:25px;\"><\/i><\/span><\/div><div class=\"ffs-content-box\"><div class=\"infobox-title\" style=\"text-align:center; font-size:20px; text-transform: uppercase; \">So finden Sie uns<\/div><\/div><\/div><\/a>\n<div id=\"info-box-49\" class=\" three-two ffs-info-box center last\" ><div class=\"ffs-icon-box\"><span class=\"ffs-icon-container\"><i class=\"fa none\" style=\"color:#17632d\"><\/i><\/span><\/div><div class=\"ffs-content-box\"><div class=\"infobox-text\"  style=\"text-align:center; text-align:left\" ><\/p>\n<p>Das Fu\u00dfpflege-Studio befindet sich im Bezirk G\u00e4nserndorf im sch\u00f6nen Groi\u00dfenbrunn. Von Hainburg kommend fahren Sie entlang der B49 und gelangen direkt nach Groi\u00dfenbrunn.\nVon Lassee aus nehmen Sie die L5. In G\u00e4nserndorf folgen Sie der B8 bis Weikendorf, dann abbiegen Richtung Marchegg auf die L3005 und fahren immer der Stra\u00dfe nach bis Sie nach Groi\u00dfenbrunn kommen.<\/div><\/div><\/div>\n<\/div><div class=\"clearfix\"><\/div>\n","protected":false},"excerpt":{"rendered":"<p>F\u00fcr eine telefonische Terminvereinbarung klicken Sie bitte HIER.<\/p>\n","protected":false},"author":1,"featured_media":0,"parent":0,"menu_order":0,"comment_status":"open","ping_status":"open","template":"","meta":{"footnotes":""},"yoast_head":"<!-- This site is optimized with the Yoast SEO plugin v22.5 - https:\/\/yoast.com\/wordpress\/plugins\/seo\/ -->\n<title>Home - Fu\u00dfpflege im Machfeld<\/title>\n<meta name=\"robots\" content=\"index, follow, max-snippet:-1, max-image-preview:large, max-video-preview:-1\" \/>\n<link rel=\"canonical\" href=\"https:\/\/www.fusspflege-marchfeld.at\/index.php\/\" \/>\n<meta property=\"og:locale\" content=\"de_DE\" \/>\n<meta property=\"og:type\" content=\"article\" \/>\n<meta property=\"og:title\" content=\"Home - Fu\u00dfpflege im Machfeld\" \/>\n<meta property=\"og:description\" content=\"F\u00fcr eine telefonische Terminvereinbarung klicken Sie bitte HIER.\" \/>\n<meta property=\"og:url\" content=\"https:\/\/www.fusspflege-marchfeld.at\/index.php\/\" \/>\n<meta property=\"og:site_name\" content=\"Fu\u00dfpflege im Machfeld\" \/>\n<meta property=\"article:modified_time\" content=\"2021-11-07T10:39:33+00:00\" \/>\n<meta name=\"twitter:label1\" content=\"Gesch\u00e4tzte Lesezeit\" \/>\n\t<meta name=\"twitter:data1\" content=\"1\u00a0Minute\" \/>\n<script type=\"application\/ld+json\" class=\"yoast-schema-graph\">{\"@context\":\"https:\/\/schema.org\",\"@graph\":[{\"@type\":\"WebPage\",\"@id\":\"https:\/\/www.fusspflege-marchfeld.at\/index.php\/\",\"url\":\"https:\/\/www.fusspflege-marchfeld.at\/index.php\/\",\"name\":\"Home - Fu\u00dfpflege im Machfeld\",\"isPartOf\":{\"@id\":\"https:\/\/www.fusspflege-marchfeld.at\/index.php\/#website\"},\"datePublished\":\"2014-07-29T12:03:13+00:00\",\"dateModified\":\"2021-11-07T10:39:33+00:00\",\"breadcrumb\":{\"@id\":\"https:\/\/www.fusspflege-marchfeld.at\/index.php\/#breadcrumb\"},\"inLanguage\":\"de\",\"potentialAction\":[{\"@type\":\"ReadAction\",\"target\":[\"https:\/\/www.fusspflege-marchfeld.at\/index.php\/\"]}]},{\"@type\":\"BreadcrumbList\",\"@id\":\"https:\/\/www.fusspflege-marchfeld.at\/index.php\/#breadcrumb\",\"itemListElement\":[{\"@type\":\"ListItem\",\"position\":1,\"name\":\"Home\",\"item\":\"https:\/\/www.fusspflege-marchfeld.at\/index.php\/\"},{\"@type\":\"ListItem\",\"position\":2,\"name\":\"Home\"}]},{\"@type\":\"WebSite\",\"@id\":\"https:\/\/www.fusspflege-marchfeld.at\/index.php\/#website\",\"url\":\"https:\/\/www.fusspflege-marchfeld.at\/index.php\/\",\"name\":\"Fu\u00dfpflege im Machfeld\",\"description\":\"Meisterbetrieb Katharina Edinger\",\"potentialAction\":[{\"@type\":\"SearchAction\",\"target\":{\"@type\":\"EntryPoint\",\"urlTemplate\":\"https:\/\/www.fusspflege-marchfeld.at\/index.php\/?s={search_term_string}\"},\"query-input\":\"required name=search_term_string\"}],\"inLanguage\":\"de\"}]}<\/script>\n<!-- \/ Yoast SEO plugin. -->","yoast_head_json":{"title":"Home - Fu\u00dfpflege im Machfeld","robots":{"index":"index","follow":"follow","max-snippet":"max-snippet:-1","max-image-preview":"max-image-preview:large","max-video-preview":"max-video-preview:-1"},"canonical":"https:\/\/www.fusspflege-marchfeld.at\/index.php\/","og_locale":"de_DE","og_type":"article","og_title":"Home - Fu\u00dfpflege im Machfeld","og_description":"F\u00fcr eine telefonische Terminvereinbarung klicken Sie bitte HIER.","og_url":"https:\/\/www.fusspflege-marchfeld.at\/index.php\/","og_site_name":"Fu\u00dfpflege im Machfeld","article_modified_time":"2021-11-07T10:39:33+00:00","twitter_misc":{"Gesch\u00e4tzte Lesezeit":"1\u00a0Minute"},"schema":{"@context":"https:\/\/schema.org","@graph":[{"@type":"WebPage","@id":"https:\/\/www.fusspflege-marchfeld.at\/index.php\/","url":"https:\/\/www.fusspflege-marchfeld.at\/index.php\/","name":"Home - Fu\u00dfpflege im Machfeld","isPartOf":{"@id":"https:\/\/www.fusspflege-marchfeld.at\/index.php\/#website"},"datePublished":"2014-07-29T12:03:13+00:00","dateModified":"2021-11-07T10:39:33+00:00","breadcrumb":{"@id":"https:\/\/www.fusspflege-marchfeld.at\/index.php\/#breadcrumb"},"inLanguage":"de","potentialAction":[{"@type":"ReadAction","target":["https:\/\/www.fusspflege-marchfeld.at\/index.php\/"]}]},{"@type":"BreadcrumbList","@id":"https:\/\/www.fusspflege-marchfeld.at\/index.php\/#breadcrumb","itemListElement":[{"@type":"ListItem","position":1,"name":"Home","item":"https:\/\/www.fusspflege-marchfeld.at\/index.php\/"},{"@type":"ListItem","position":2,"name":"Home"}]},{"@type":"WebSite","@id":"https:\/\/www.fusspflege-marchfeld.at\/index.php\/#website","url":"https:\/\/www.fusspflege-marchfeld.at\/index.php\/","name":"Fu\u00dfpflege im Machfeld","description":"Meisterbetrieb Katharina Edinger","potentialAction":[{"@type":"SearchAction","target":{"@type":"EntryPoint","urlTemplate":"https:\/\/www.fusspflege-marchfeld.at\/index.php\/?s={search_term_string}"},"query-input":"required name=search_term_string"}],"inLanguage":"de"}]}},"_links":{"self":[{"href":"https:\/\/www.fusspflege-marchfeld.at\/index.php\/wp-json\/wp\/v2\/pages\/5"}],"collection":[{"href":"https:\/\/www.fusspflege-marchfeld.at\/index.php\/wp-json\/wp\/v2\/pages"}],"about":[{"href":"https:\/\/www.fusspflege-marchfeld.at\/index.php\/wp-json\/wp\/v2\/types\/page"}],"author":[{"embeddable":true,"href":"https:\/\/www.fusspflege-marchfeld.at\/index.php\/wp-json\/wp\/v2\/users\/1"}],"replies":[{"embeddable":true,"href":"https:\/\/www.fusspflege-marchfeld.at\/index.php\/wp-json\/wp\/v2\/comments?post=5"}],"version-history":[{"count":42,"href":"https:\/\/www.fusspflege-marchfeld.at\/index.php\/wp-json\/wp\/v2\/pages\/5\/revisions"}],"predecessor-version":[{"id":371,"href":"https:\/\/www.fusspflege-marchfeld.at\/index.php\/wp-json\/wp\/v2\/pages\/5\/revisions\/371"}],"wp:attachment":[{"href":"https:\/\/www.fusspflege-marchfeld.at\/index.php\/wp-json\/wp\/v2\/media?parent=5"}],"curies":[{"name":"wp","href":"https:\/\/api.w.org\/{rel}","templated":true}]}}